{"id":7278,"date":"2024-10-04T14:31:06","date_gmt":"2024-10-04T14:31:06","guid":{"rendered":"https:\/\/effebiart.it\/shop\/product\/90s-zip-hoody-by254\/"},"modified":"2025-02-03T16:56:30","modified_gmt":"2025-02-03T16:56:30","slug":"90s-zip-hoody-by254","status":"publish","type":"product","link":"https:\/\/effebiart.it\/shop\/product\/90s-zip-hoody-by254\/","title":{"rendered":"90&#8217;s Zip Hoody"},"content":{"rendered":"<ul>\n<li>Felpa con cappuccio con chiusura a zip<\/li>\n<li>Vestibilit\u00e0 oversize con spalle molto cadenti<\/li>\n<li>Cappuccio XXL<\/li>\n<li>Tasca a marsupio divisa sul davanti<\/li>\n<li>Ampi polsini a costine su maniche e orlo<\/li>\n<li>Spugna di cotone pesante<\/li>\n<\/ul>\n","protected":false},"excerpt":{"rendered":"<div id=\"product-details-description\" class=\"tab-pane active\">\n<p>&nbsp;<\/p>\n<p><img decoding=\"async\" class=\"wp-image-9046 alignnone\" src=\"https:\/\/effebiart.it\/wp-content\/uploads\/2023\/02\/Logo-BYB-300x45.png\" alt=\"\" width=\"227\" height=\"34\" \/><\/p>\n<p>mod. BY192<\/p>\n<p>Un&#8217;atmosfera nostalgica con la felpa con cappuccio con zip anni &#8217;90, che fonde lo stile retr\u00f2 con il comfort moderno. Questa felpa \u00e8 progettata per offrire una vestibilit\u00e0 comoda, rendendola la scelta ideale per qualsiasi uscita informale.<\/p>\n<p>&nbsp;<\/p>\n<p><a href=\"https:\/\/effebiart.it\/wp-content\/uploads\/2024\/09\/BY254_G202403_NEU2024.pdf\">Guida alle taglie<\/a><\/p>\n<\/div>\n","protected":false},"featured_media":8241,"comment_status":"closed","ping_status":"closed","template":"","meta":[],"product_brand":[],"product_cat":[185,516,494,335],"product_tag":[],"class_list":{"0":"post-7278","1":"product","2":"type-product","3":"status-publish","4":"has-post-thumbnail","6":"product_cat-build-your-brand","7":"product_cat-felpa-con-cappuccio-e-zip","8":"product_cat-felpe-uomo-urban-classics","9":"product_cat-uomo-2","11":"first","12":"instock","13":"taxable","14":"shipping-taxable","15":"purchasable","16":"product-type-variable"},"aioseo_notices":[],"jetpack_sharing_enabled":true,"_links":{"self":[{"href":"https:\/\/effebiart.it\/shop\/wp-json\/wp\/v2\/product\/7278","targetHints":{"allow":["GET"]}}],"collection":[{"href":"https:\/\/effebiart.it\/shop\/wp-json\/wp\/v2\/product"}],"about":[{"href":"https:\/\/effebiart.it\/shop\/wp-json\/wp\/v2\/types\/product"}],"replies":[{"embeddable":true,"href":"https:\/\/effebiart.it\/shop\/wp-json\/wp\/v2\/comments?post=7278"}],"wp:featuredmedia":[{"embeddable":true,"href":"https:\/\/effebiart.it\/shop\/wp-json\/wp\/v2\/media\/8241"}],"wp:attachment":[{"href":"https:\/\/effebiart.it\/shop\/wp-json\/wp\/v2\/media?parent=7278"}],"wp:term":[{"taxonomy":"product_brand","embeddable":true,"href":"https:\/\/effebiart.it\/shop\/wp-json\/wp\/v2\/product_brand?post=7278"},{"taxonomy":"product_cat","embeddable":true,"href":"https:\/\/effebiart.it\/shop\/wp-json\/wp\/v2\/product_cat?post=7278"},{"taxonomy":"product_tag","embeddable":true,"href":"https:\/\/effebiart.it\/shop\/wp-json\/wp\/v2\/product_tag?post=7278"}],"curies":[{"name":"wp","href":"https:\/\/api.w.org\/{rel}","templated":true}]}}