{"id":10137,"date":"2025-02-03T09:17:39","date_gmt":"2025-02-03T09:17:39","guid":{"rendered":"https:\/\/effebiart.it\/shop\/?post_type=product&#038;p=10137"},"modified":"2025-02-03T09:20:02","modified_gmt":"2025-02-03T09:20:02","slug":"knitted-hoodie","status":"publish","type":"product","link":"https:\/\/effebiart.it\/shop\/product\/knitted-hoodie\/","title":{"rendered":"Knitted Hoodie"},"content":{"rendered":"","protected":false},"excerpt":{"rendered":"<p>Questa felpa con cappuccio da uomo in una maglia a costine larghe \u00e8 un must-have per ogni guardaroba attento alla moda. Questo grande pezzo \u00e8 dotato di tutte le amate felpa con cappuccio come un grande cappuccio, polsini larghi e finemente a costine sulle maniche e sull&#8217;orlo, e una tasca di canguro. Il suo materiale acrilico lavorato a maglia conferisce allo stile una porzione in pi\u00f9 di casualit\u00e0 &#8211; la generosa vestibilit\u00e0 allentata con spalle ampiamente lasciate.<\/p>\n","protected":false},"featured_media":10140,"comment_status":"open","ping_status":"closed","template":"","meta":[],"product_brand":[],"product_cat":[511,494,505,332,335,473],"product_tag":[],"class_list":{"0":"post-10137","1":"product","2":"type-product","3":"status-publish","4":"has-post-thumbnail","6":"product_cat-felpa-con-cappuccio","7":"product_cat-felpe-uomo-urban-classics","8":"product_cat-oversize-2","9":"product_cat-oversize-uomo","10":"product_cat-uomo-2","11":"product_cat-urban-classics","13":"first","14":"instock","15":"taxable","16":"shipping-taxable","17":"purchasable","18":"product-type-variable"},"aioseo_notices":[],"jetpack_sharing_enabled":true,"_links":{"self":[{"href":"https:\/\/effebiart.it\/shop\/wp-json\/wp\/v2\/product\/10137","targetHints":{"allow":["GET"]}}],"collection":[{"href":"https:\/\/effebiart.it\/shop\/wp-json\/wp\/v2\/product"}],"about":[{"href":"https:\/\/effebiart.it\/shop\/wp-json\/wp\/v2\/types\/product"}],"replies":[{"embeddable":true,"href":"https:\/\/effebiart.it\/shop\/wp-json\/wp\/v2\/comments?post=10137"}],"wp:featuredmedia":[{"embeddable":true,"href":"https:\/\/effebiart.it\/shop\/wp-json\/wp\/v2\/media\/10140"}],"wp:attachment":[{"href":"https:\/\/effebiart.it\/shop\/wp-json\/wp\/v2\/media?parent=10137"}],"wp:term":[{"taxonomy":"product_brand","embeddable":true,"href":"https:\/\/effebiart.it\/shop\/wp-json\/wp\/v2\/product_brand?post=10137"},{"taxonomy":"product_cat","embeddable":true,"href":"https:\/\/effebiart.it\/shop\/wp-json\/wp\/v2\/product_cat?post=10137"},{"taxonomy":"product_tag","embeddable":true,"href":"https:\/\/effebiart.it\/shop\/wp-json\/wp\/v2\/product_tag?post=10137"}],"curies":[{"name":"wp","href":"https:\/\/api.w.org\/{rel}","templated":true}]}}